{"id":90,"date":"2025-07-28T19:23:32","date_gmt":"2025-07-28T19:23:32","guid":{"rendered":"http:\/\/jo-electrum.fr\/?page_id=90"},"modified":"2025-07-28T20:34:11","modified_gmt":"2025-07-28T20:34:11","slug":"realisations","status":"publish","type":"page","link":"https:\/\/jo-electrum.fr\/index.php\/realisations\/","title":{"rendered":"R\u00e9alisations"},"content":{"rendered":"\n<div class=\"wp-block-group alignfull is-style-section-1 has-background has-global-padding is-layout-constrained wp-block-group-is-layout-constrained is-style-section-1--1\" style=\"background-color:#2a89fa;margin-top:0;margin-bottom:0;padding-top:var(--wp--preset--spacing--80);padding-bottom:var(--wp--preset--spacing--80)\">\n<div class=\"wp-block-columns alignwide is-layout-flex wp-container-core-columns-is-layout-66fad18a wp-block-columns-is-layout-flex\">\n<div class=\"wp-block-column is-layout-flow wp-block-column-is-layout-flow\" style=\"padding-right:var(--wp--preset--spacing--50);flex-basis:45%\">\n<figure class=\"wp-block-image size-full\"><img loading=\"lazy\" decoding=\"async\" width=\"2560\" height=\"1920\" src=\"http:\/\/jo-electrum.fr\/wp-content\/uploads\/2025\/07\/IMG_4873-scaled.jpg\" alt=\"\" class=\"wp-image-107\" srcset=\"https:\/\/jo-electrum.fr\/wp-content\/uploads\/2025\/07\/IMG_4873-scaled.jpg 2560w, https:\/\/jo-electrum.fr\/wp-content\/uploads\/2025\/07\/IMG_4873-300x225.jpg 300w, https:\/\/jo-electrum.fr\/wp-content\/uploads\/2025\/07\/IMG_4873-1024x768.jpg 1024w, https:\/\/jo-electrum.fr\/wp-content\/uploads\/2025\/07\/IMG_4873-768x576.jpg 768w, https:\/\/jo-electrum.fr\/wp-content\/uploads\/2025\/07\/IMG_4873-1536x1152.jpg 1536w, https:\/\/jo-electrum.fr\/wp-content\/uploads\/2025\/07\/IMG_4873-2048x1536.jpg 2048w\" sizes=\"auto, (max-width: 2560px) 100vw, 2560px\" \/><figcaption class=\"wp-element-caption\">Avant<\/figcaption><\/figure>\n\n\n\n<div class=\"wp-block-group has-global-padding is-layout-constrained wp-block-group-is-layout-constrained\" style=\"margin-top:-12vw\">\n<figure class=\"wp-block-image alignright size-full is-resized\" style=\"margin-right:-5vw;margin-left:-5vw\"><img loading=\"lazy\" decoding=\"async\" width=\"2560\" height=\"1920\" src=\"http:\/\/jo-electrum.fr\/wp-content\/uploads\/2025\/07\/IMG_4890-scaled.jpg\" alt=\"\" class=\"wp-image-58\" style=\"width:344px;height:auto\" srcset=\"https:\/\/jo-electrum.fr\/wp-content\/uploads\/2025\/07\/IMG_4890-scaled.jpg 2560w, https:\/\/jo-electrum.fr\/wp-content\/uploads\/2025\/07\/IMG_4890-300x225.jpg 300w, https:\/\/jo-electrum.fr\/wp-content\/uploads\/2025\/07\/IMG_4890-1024x768.jpg 1024w, https:\/\/jo-electrum.fr\/wp-content\/uploads\/2025\/07\/IMG_4890-768x576.jpg 768w, https:\/\/jo-electrum.fr\/wp-content\/uploads\/2025\/07\/IMG_4890-1536x1152.jpg 1536w, https:\/\/jo-electrum.fr\/wp-content\/uploads\/2025\/07\/IMG_4890-2048x1536.jpg 2048w\" sizes=\"auto, (max-width: 2560px) 100vw, 2560px\" \/><figcaption class=\"wp-element-caption\">Apr\u00e8s<\/figcaption><\/figure>\n<\/div>\n<\/div>\n\n\n\n<div class=\"wp-block-column is-vertically-aligned-center is-layout-flow wp-block-column-is-layout-flow\" style=\"padding-right:0;padding-left:0;flex-basis:50%\">\n<div class=\"wp-block-group is-vertical is-layout-flex wp-container-core-group-is-layout-fe9cc265 wp-block-group-is-layout-flex\">\n<h2 class=\"wp-block-heading is-style-text-annotation has-base-color has-text-color has-link-color wp-elements-0bf2b901d3716b613e445d0589b13ebb is-style-text-annotation--2\">Nos r\u00e9alisations<\/h2>\n\n\n\n<div style=\"height:27px\" aria-hidden=\"true\" class=\"wp-block-spacer wp-container-content-8a389b04\"><\/div>\n<\/div>\n\n\n\n<p class=\"is-style-text-subtitle has-base-color has-text-color has-link-color wp-elements-180ed0c14902230d26babd6c2379576c is-style-text-subtitle--3\"><strong>Chaque chantier est une histoire<\/strong> de pr\u00e9cision, de fiabilit\u00e9 et de bon sens technique. Que ce soit pour des particuliers, des professionnels ou des syndics, nous mettons un point d\u2019honneur \u00e0 livrer des installations s\u00fbres, durables et parfaitement ex\u00e9cut\u00e9es.<\/p>\n\n\n\n<p class=\"is-style-text-subtitle has-base-color has-text-color has-link-color wp-elements-88b804fecfa884b9bb798b69949f29f2 is-style-text-subtitle--4\">D\u00e9couvrez ici un aper\u00e7u de nos interventions : tableaux \u00e9lectriques, \u00e9clairages, r\u00e9novations compl\u00e8tes, mises aux normes\u2026&nbsp;<strong>Des projets concrets, des clients satisfaits, et des r\u00e9sultats qui parlent d\u2019eux-m\u00eames.<\/strong><\/p>\n<\/div>\n<\/div>\n<\/div>\n\n\n\n<div class=\"wp-block-group alignfull has-global-padding is-layout-constrained wp-container-core-group-is-layout-ebee8dc1 wp-block-group-is-layout-constrained\" style=\"margin-top:0;margin-bottom:0;padding-top:var(--wp--preset--spacing--50);padding-bottom:var(--wp--preset--spacing--50)\">\n<h2 class=\"wp-block-heading alignwide\">Quelques autres chantiers :<\/h2>\n\n\n\n<div class=\"wp-block-columns alignwide is-layout-flex wp-container-core-columns-is-layout-28f84493 wp-block-columns-is-layout-flex\">\n<div class=\"wp-block-column is-layout-flow wp-block-column-is-layout-flow\">\n<figure class=\"wp-block-image size-full\" style=\"margin-bottom:24px\"><img loading=\"lazy\" decoding=\"async\" width=\"1920\" height=\"2560\" src=\"http:\/\/jo-electrum.fr\/wp-content\/uploads\/2025\/07\/IMG_4859-scaled.jpg\" alt=\"\" class=\"wp-image-106\" style=\"aspect-ratio:4\/3;object-fit:cover\" srcset=\"https:\/\/jo-electrum.fr\/wp-content\/uploads\/2025\/07\/IMG_4859-scaled.jpg 1920w, https:\/\/jo-electrum.fr\/wp-content\/uploads\/2025\/07\/IMG_4859-225x300.jpg 225w, https:\/\/jo-electrum.fr\/wp-content\/uploads\/2025\/07\/IMG_4859-768x1024.jpg 768w, https:\/\/jo-electrum.fr\/wp-content\/uploads\/2025\/07\/IMG_4859-1152x1536.jpg 1152w, https:\/\/jo-electrum.fr\/wp-content\/uploads\/2025\/07\/IMG_4859-1536x2048.jpg 1536w\" sizes=\"auto, (max-width: 1920px) 100vw, 1920px\" \/><\/figure>\n\n\n\n<h3 class=\"wp-block-heading\">D\u00e9pannages &#8211; Intervention apr\u00e8s foudre \u00e0 Strasbourg<\/h3>\n\n\n\n<p class=\"has-medium-font-size\">Suite \u00e0 un impact de foudre, nous sommes intervenus en urgence pour s\u00e9curiser l\u2019installation, diagnostiquer les \u00e9quipements touch\u00e9s et r\u00e9tablir l\u2019alimentation. Une intervention rapide, ma\u00eetris\u00e9e et conforme aux exigences de s\u00e9curit\u00e9.<\/p>\n<\/div>\n\n\n\n<div class=\"wp-block-column is-vertically-aligned-top is-layout-flow wp-block-column-is-layout-flow\">\n<figure class=\"wp-block-image size-full\" style=\"margin-bottom:24px\"><img loading=\"lazy\" decoding=\"async\" width=\"1920\" height=\"2560\" src=\"http:\/\/jo-electrum.fr\/wp-content\/uploads\/2025\/07\/IMG_5830-scaled.jpg\" alt=\"\" class=\"wp-image-111\" style=\"aspect-ratio:4\/3;object-fit:cover\" srcset=\"https:\/\/jo-electrum.fr\/wp-content\/uploads\/2025\/07\/IMG_5830-scaled.jpg 1920w, https:\/\/jo-electrum.fr\/wp-content\/uploads\/2025\/07\/IMG_5830-225x300.jpg 225w, https:\/\/jo-electrum.fr\/wp-content\/uploads\/2025\/07\/IMG_5830-768x1024.jpg 768w, https:\/\/jo-electrum.fr\/wp-content\/uploads\/2025\/07\/IMG_5830-1152x1536.jpg 1152w, https:\/\/jo-electrum.fr\/wp-content\/uploads\/2025\/07\/IMG_5830-1536x2048.jpg 1536w\" sizes=\"auto, (max-width: 1920px) 100vw, 1920px\" \/><\/figure>\n\n\n\n<h3 class=\"wp-block-heading\">Refonte &amp; Mise aux normes &#8211;  Immeuble \u00e0 Haguenau<\/h3>\n\n\n\n<p class=\"has-medium-font-size\">Remise aux normes compl\u00e8te du tableau principal avec refonte de l\u2019installation \u00e9lectrique des parties communes. S\u00e9curisation, conformit\u00e9 \u00e0 la norme NF C 15-100 et gain de lisibilit\u00e9 pour les futurs diagnostics et interventions.<\/p>\n<\/div>\n\n\n\n<div class=\"wp-block-column is-vertically-aligned-top is-layout-flow wp-block-column-is-layout-flow\">\n<figure class=\"wp-block-image size-full\" style=\"margin-bottom:24px\"><img loading=\"lazy\" decoding=\"async\" width=\"1920\" height=\"2560\" src=\"http:\/\/jo-electrum.fr\/wp-content\/uploads\/2025\/07\/IMG_6809-scaled.jpg\" alt=\"\" class=\"wp-image-114\" style=\"aspect-ratio:4\/3;object-fit:cover\" srcset=\"https:\/\/jo-electrum.fr\/wp-content\/uploads\/2025\/07\/IMG_6809-scaled.jpg 1920w, https:\/\/jo-electrum.fr\/wp-content\/uploads\/2025\/07\/IMG_6809-225x300.jpg 225w, https:\/\/jo-electrum.fr\/wp-content\/uploads\/2025\/07\/IMG_6809-768x1024.jpg 768w, https:\/\/jo-electrum.fr\/wp-content\/uploads\/2025\/07\/IMG_6809-1152x1536.jpg 1152w, https:\/\/jo-electrum.fr\/wp-content\/uploads\/2025\/07\/IMG_6809-1536x2048.jpg 1536w\" sizes=\"auto, (max-width: 1920px) 100vw, 1920px\" \/><\/figure>\n\n\n\n<h3 class=\"wp-block-heading\">\u00c9clairage &#8211; \u00c9glise de Froeschwiller<\/h3>\n\n\n\n<p class=\"has-medium-font-size\">Installation d\u2019un \u00e9clairage sur mesure pour mettre en valeur les volumes, vitraux et d\u00e9tails architecturaux sans d\u00e9naturer le lieu. Un travail fin, discret et respectueux du patrimoine, alliant performance et sobri\u00e9t\u00e9.<\/p>\n<\/div>\n<\/div>\n<\/div>\n\n\n\n<div class=\"wp-block-group alignfull has-accent-1-background-color has-background has-global-padding is-layout-constrained wp-container-core-group-is-layout-0c9c989a wp-block-group-is-layout-constrained\" style=\"min-height:0vh;margin-top:0;margin-bottom:0;padding-top:var(--wp--preset--spacing--70);padding-right:var(--wp--preset--spacing--40);padding-bottom:var(--wp--preset--spacing--70);padding-left:var(--wp--preset--spacing--40)\">\n<div class=\"wp-block-group has-global-padding is-layout-constrained wp-container-core-group-is-layout-346627ba wp-block-group-is-layout-constrained\">\n<h2 class=\"wp-block-heading has-text-align-center has-xx-large-font-size\" style=\"margin-right:0;margin-left:0;padding-right:0;padding-left:0\">Un projet en t\u00eate ?<\/h2>\n\n\n\n<p class=\"has-text-align-center\">Vous aimez notre travail ?&nbsp;<strong>Faites-nous confiance pour le v\u00f4tre.<\/strong><\/p>\n\n\n\n<div class=\"wp-block-buttons is-content-justification-center is-layout-flex wp-container-core-buttons-is-layout-a89b3969 wp-block-buttons-is-layout-flex\">\n<div class=\"wp-block-button\"><a class=\"wp-block-button__link has-contrast-background-color has-background wp-element-button\" href=\"http:\/\/jo-electrum.fr\/contact\"><strong>DEMANDEZ UN DEVIS GRATUIT<\/strong><\/a><\/div>\n<\/div>\n\n\n\n<p class=\"has-text-align-center has-small-font-size\">r\u00e9ponse rapide, sans engagement.<\/p>\n<\/div>\n<\/div>\n\n\n\n<div class=\"wp-block-group alignfull has-background has-global-padding is-layout-constrained wp-block-group-is-layout-constrained\" style=\"background-color:#2a89fa;margin-top:0;margin-bottom:0;padding-top:var(--wp--preset--spacing--60);padding-bottom:var(--wp--preset--spacing--60)\">\n<div class=\"wp-block-columns alignwide is-layout-flex wp-container-core-columns-is-layout-74b2cda3 wp-block-columns-is-layout-flex\">\n<div class=\"wp-block-column is-layout-flow wp-block-column-is-layout-flow\">\n<div class=\"wp-block-group has-base-color has-text-color has-link-color wp-elements-9330f80a3ec8ef602fa5e698cfaad9bb is-vertical is-content-justification-left is-layout-flex wp-container-core-group-is-layout-7ce391b6 wp-block-group-is-layout-flex\" style=\"min-height:100%\">\n<h2 class=\"wp-block-heading is-style-text-annotation has-base-color has-text-color has-link-color has-x-small-font-size wp-elements-020e9c91ff9277814409cf67ce61d0d8 is-style-text-annotation--5\">Paroles de clients<\/h2>\n\n\n\n<div class=\"wp-block-group has-global-padding is-content-justification-left is-layout-constrained wp-container-core-group-is-layout-085bd3d9 wp-block-group-is-layout-constrained\" style=\"margin-top:0;margin-bottom:0;padding-top:0;padding-right:0;padding-bottom:0;padding-left:0\">\n<p>\u00ab\u00a0Jordane est un professionnel de grande qualit\u00e9, il apporte les conseils n\u00e9cessaires et ne vous laisse pas dans le doute. Il est de ces artisans qualifi\u00e9s, consciencieux et dignes de confiance. Pas de mauvaise surprise, il apporte s\u00e9r\u00e9nit\u00e9 au niveau de votre chantier et on peut lui faire confiance dans le diagnostic comme dans la r\u00e9alisation d&rsquo;excellente facture de l&rsquo;installation \u00e9lectrique. Il est \u00e0 noter que le devis est explicit\u00e9, et permet aux moins aguerris (et j&rsquo;en fais largement partie \ud83d\ude09 ), de comprendre les tenants et aboutissants). Bravo, merci, et je recommande vivement JO ELECTRUM. \u00bb<\/p>\n<\/div>\n\n\n\n<blockquote class=\"wp-block-quote is-style-plain has-x-large-font-size is-layout-flow wp-container-core-quote-is-layout-5dafc681 wp-block-quote-is-layout-flow is-style-plain--6\" style=\"font-style:normal;font-weight:400\">\n<p><\/p>\n<cite>Andr\u00e9 SCHWENK<br><sub><a href=\"https:\/\/g.co\/kgs\/8uWbDw2\">Avis Google<\/a><\/sub><\/cite><\/blockquote>\n<\/div>\n<\/div>\n\n\n\n<div class=\"wp-block-column is-layout-flow wp-block-column-is-layout-flow\" style=\"padding-top:0;padding-right:0;padding-bottom:0;padding-left:0\">\n<figure class=\"wp-block-image size-large\"><img loading=\"lazy\" decoding=\"async\" width=\"768\" height=\"1024\" src=\"http:\/\/jo-electrum.fr\/wp-content\/uploads\/2025\/07\/10635-2-768x1024.jpeg\" alt=\"\" class=\"wp-image-147\" style=\"aspect-ratio:1;object-fit:cover\" srcset=\"https:\/\/jo-electrum.fr\/wp-content\/uploads\/2025\/07\/10635-2-768x1024.jpeg 768w, https:\/\/jo-electrum.fr\/wp-content\/uploads\/2025\/07\/10635-2-225x300.jpeg 225w, https:\/\/jo-electrum.fr\/wp-content\/uploads\/2025\/07\/10635-2-1152x1536.jpeg 1152w, https:\/\/jo-electrum.fr\/wp-content\/uploads\/2025\/07\/10635-2-1536x2048.jpeg 1536w, https:\/\/jo-electrum.fr\/wp-content\/uploads\/2025\/07\/10635-2-scaled.jpeg 1920w\" sizes=\"auto, (max-width: 768px) 100vw, 768px\" \/><\/figure>\n<\/div>\n<\/div>\n<\/div>\n\n\n\n<p><\/p>\n","protected":false},"excerpt":{"rendered":"<p>Nos r\u00e9alisations Chaque chantier est une histoire de pr\u00e9cision, de fiabilit\u00e9 et de bon sens technique. Que ce soit pour des particuliers, des professionnels ou des syndics, nous mettons un point d\u2019honneur \u00e0 livrer des installations s\u00fbres, durables et parfaitement ex\u00e9cut\u00e9es. D\u00e9couvrez ici un aper\u00e7u de nos interventions : tableaux \u00e9lectriques, \u00e9clairages, r\u00e9novations compl\u00e8tes, mises [&hellip;]<\/p>\n","protected":false},"author":1,"featured_media":0,"parent":0,"menu_order":0,"comment_status":"closed","ping_status":"closed","template":"page-no-title","meta":{"footnotes":""},"class_list":["post-90","page","type-page","status-publish","hentry"],"_links":{"self":[{"href":"https:\/\/jo-electrum.fr\/index.php\/wp-json\/wp\/v2\/pages\/90","targetHints":{"allow":["GET"]}}],"collection":[{"href":"https:\/\/jo-electrum.fr\/index.php\/wp-json\/wp\/v2\/pages"}],"about":[{"href":"https:\/\/jo-electrum.fr\/index.php\/wp-json\/wp\/v2\/types\/page"}],"author":[{"embeddable":true,"href":"https:\/\/jo-electrum.fr\/index.php\/wp-json\/wp\/v2\/users\/1"}],"replies":[{"embeddable":true,"href":"https:\/\/jo-electrum.fr\/index.php\/wp-json\/wp\/v2\/comments?post=90"}],"version-history":[{"count":16,"href":"https:\/\/jo-electrum.fr\/index.php\/wp-json\/wp\/v2\/pages\/90\/revisions"}],"predecessor-version":[{"id":148,"href":"https:\/\/jo-electrum.fr\/index.php\/wp-json\/wp\/v2\/pages\/90\/revisions\/148"}],"wp:attachment":[{"href":"https:\/\/jo-electrum.fr\/index.php\/wp-json\/wp\/v2\/media?parent=90"}],"curies":[{"name":"wp","href":"https:\/\/api.w.org\/{rel}","templated":true}]}}